{"id":405,"date":"2020-09-17T01:21:41","date_gmt":"2020-09-17T05:21:41","guid":{"rendered":"https:\/\/www.trzn.studio\/studio\/"},"modified":"2024-10-21T16:46:07","modified_gmt":"2024-10-21T20:46:07","slug":"studio","status":"publish","type":"page","link":"https:\/\/www.trzn.studio\/fr\/studio\/","title":{"rendered":"Studio"},"content":{"rendered":"<section id=\"block-eb21c25259ccf3c30bfbb9f4babb0527\" class=\"block header style-white-black header--normal\" style=\"--bg-color: #ffffff; --fg-color: #000000;\" data-watch=\".container\">\n\t<div class=\"container\">\n\t\t<div class=\"header-content wysiwyg\" data-break-lines=\"h1,h2,h3,h4,h5,p\">\n\t\t\t <h1>.Studio<\/h1>\n\n\t\t<\/div>\n\t<\/div>\n<\/section>\n\n<section id=\"block-bbe1ec389916d3162064ed3cdc1ed2a2\" class=\"block text-aside style-white-black\" style=\"--bg-color: #ffffff; --fg-color: #000000; --ac-color: #37ffcf;\" data-watch=\".container\">\n\t<div class=\"container\">\n\n\t\t<div class=\"text-aside-main\">\n\n\t\t\t<div class=\"text-aside-head\" data-watch>\n\n\t\t\t\t<div class=\"text-aside-media-frame\">\n\t\t\t\t\t<div class=\"text-aside-media-track\">\n\t\t\t\t\t\t<div class=\"block media text-aside-media style-\">\n\n\t\n\t\n\t\t\t<div class=\"array\">\n\n\t\t\t\t\t\t\t<div data-src=\"https:\/\/www.trzn.studio\/wp-content\/uploads\/2020\/10\/Studio-1-720x0-c-default.jpg\"><\/div>\n\t\t\t\t\t\t\t<div data-src=\"https:\/\/www.trzn.studio\/wp-content\/uploads\/2020\/10\/Studio-2-720x0-c-default.jpg\"><\/div>\n\t\t\t\t\t\t\t<div data-src=\"https:\/\/www.trzn.studio\/wp-content\/uploads\/2020\/10\/Studio-3-720x0-c-default.jpg\"><\/div>\n\t\t\t\t\t\t\t<div data-src=\"https:\/\/www.trzn.studio\/wp-content\/uploads\/2020\/10\/Studio-4-720x0-c-default.jpg\"><\/div>\n\t\t\t\t\t\t\t<div data-src=\"https:\/\/www.trzn.studio\/wp-content\/uploads\/2020\/10\/Studio-5-720x0-c-default.jpg\"><\/div>\n\t\t\t\t\t\t\t<div data-src=\"https:\/\/www.trzn.studio\/wp-content\/uploads\/2020\/10\/Studio-6-720x0-c-default.jpg\"><\/div>\n\t\t\t\t\t\t\t<div data-src=\"https:\/\/www.trzn.studio\/wp-content\/uploads\/2020\/10\/Studio-7-720x0-c-default.jpg\"><\/div>\n\t\t\t\t\t\t\t<div data-src=\"https:\/\/www.trzn.studio\/wp-content\/uploads\/2020\/10\/Studio-8-720x0-c-default.jpg\"><\/div>\n\t\t\t\t\t\t\t<div data-src=\"https:\/\/www.trzn.studio\/wp-content\/uploads\/2020\/10\/Studio-9-720x0-c-default.jpg\"><\/div>\n\t\t\t\t\t\t\t<div data-src=\"https:\/\/www.trzn.studio\/wp-content\/uploads\/2020\/10\/Studio-10-720x0-c-default.jpg\"><\/div>\n\t\t\t\t\t\t\t<div data-src=\"https:\/\/www.trzn.studio\/wp-content\/uploads\/2020\/10\/Studio-11-720x0-c-default.jpg\"><\/div>\n\t\t\t\t\t\t\t<div data-src=\"https:\/\/www.trzn.studio\/wp-content\/uploads\/2020\/10\/Studio-12-720x0-c-default.jpg\"><\/div>\n\t\t\t\t\t\t\t<div data-src=\"https:\/\/www.trzn.studio\/wp-content\/uploads\/2020\/10\/Studio-13-720x0-c-default.jpg\"><\/div>\n\t\t\t\n\t\t\t<img decoding=\"async\" src=\"\">\n\t\t<\/div>\n\t\n<\/div>\n\t\t\t\t\t<\/div>\n\t\t\t\t<\/div>\n\n\t\t\t\t<div class=\"text-aside-media-text\" data-watch>\n\t\t\t\t\t<span class=\"line\">C\u2019est<\/span>\n\t\t\t\t\t<span class=\"line\">pas mal<\/span>\n\t\t\t\t\t<span class=\"line\">\u00e7a<\/span>\n\t\t\t\t\t<span class=\"line\"> <\/span>\n\t\t\t\t<\/div>\n\n\t\t\t<\/div>\n\n\t\t\t<div class=\"text-aside-body\" data-watch>\n\n\t\t\t\t<div class=\"text-aside-leading\">\n\n\t\t\t\t\t<div class=\"text-aside-leading-main\">\n\n\t\t\t\t\t\t\t\t\t\t\t\t\t<div class=\"text-aside-heading wysiwyg\" data-break-lines=\"h1,h2,h3,h4,h5,p\">\n\t\t\t\t\t\t\t\t<h2>Services<\/h2>\n\n\t\t\t\t\t\t\t<\/div>\n\t\t\t\t\t\t\n\t\t\t\t\t\t\t\t\t\t\t\t\t<div class=\"text-aside-caption wysiwyg\" data-break-lines=\"h1,h2,h3,h4,h5,p\">\n\t\t\t\t\t\t\t\t<p><strong>trzn \/srvcs\/ [def] \/<\/strong> nous faisons des vid\u00e9os_tout type de vid\u00e9os.<\/p>\n\n\t\t\t\t\t\t\t<\/div>\n\t\t\t\t\t\t\n\t\t\t\t\t<\/div>\n\n\t\t\t\t<\/div>\n\n\t\t\t\t<div class=\"text-aside-content wyswiyg\" data-watch>\n\t\t\t\t\t<p>Nous collaborons avec des marques, des entreprises et des agence <span class=\"highlight highlight--pink\">pour cr\u00e9er du contenu efficace et significatif.<\/span> Des publicit\u00e9s, des films de marque, des documentaires ou tout projet sp\u00e9cial, notre \u00e9quipe concevra l&#8217;histoire parfaite en fonction de <span class=\"highlight highlight--blue\">vos besoins et donnera vie \u00e0 toutes les id\u00e9es vid\u00e9o.<\/span><\/p>\n<p>&nbsp;<\/p>\n<p>&nbsp;<\/p>\n\n\t\t\t\t<\/div>\n\n\t\t\t<\/div>\n\t\t<\/div>\n\n\t<\/div>\n<\/section>\n\n<section id=\"block-8b216a40c2e92e664310caf662ac95f8\" class=\"block expertise-list style-black-white\" style=\"--bg-color: #000000; --fg-color: #ffffff; --ac-color: #37ffcf;\" data-watch=\".container\">\n\t<div class=\"container\">\n\n\t\t\t\t\t<div class=\"expertise-list-heading wysiwyg\" data-break-lines=\"h1,h2,h3,h4,h5,p\">\n\t\t\t\t<h2>Expertise<\/h2>\n\n\t\t\t<\/div>\n\t\t\n\t\t<div class=\"expertise-list-content\">\n\n\t\t\t\n\t\t\t\t<div class=\"block expertise-group style-\" data-nth-item=\"1\" data-watch>\n\n\t<div class=\"expertise-group-title\"><h3 data-break-lines>Preprod<\/h3><\/div>\n\t<div class=\"expertise-group-items\">\n\n\t\t\n\t\t\t<div class=\"block expertise-item style-\" data-nth-item=\"1\" data-watch>\n\t<div class=\"expertise-item-label\">Gestion et coordination de projets<\/div>\n\t<div class=\"expertise-item-value\">\n\t\t\n\t<\/div>\n<\/div>\n\n\t\t\n\t\t\t<div class=\"block expertise-item style-\" data-nth-item=\"2\" data-watch>\n\t<div class=\"expertise-item-label\">Casting<\/div>\n\t<div class=\"expertise-item-value\">\n\t\t\n\t<\/div>\n<\/div>\n\n\t\t\n\t\t\t<div class=\"block expertise-item style-\" data-nth-item=\"3\" data-watch>\n\t<div class=\"expertise-item-label\">Concept<\/div>\n\t<div class=\"expertise-item-value\">\n\t\t\n\t<\/div>\n<\/div>\n\n\t\t\n\t\t\t<div class=\"block expertise-item style-\" data-nth-item=\"4\" data-watch>\n\t<div class=\"expertise-item-label\">Rep\u00e9rage des lieux<\/div>\n\t<div class=\"expertise-item-value\">\n\t\t\n\t<\/div>\n<\/div>\n\n\t\t\n\t<\/div>\n\n<\/div>\n\n\t\t\t\n\t\t\t\t<div class=\"block expertise-group style-\" data-nth-item=\"2\" data-watch>\n\n\t<div class=\"expertise-group-title\"><h3 data-break-lines>Prod<\/h3><\/div>\n\t<div class=\"expertise-group-items\">\n\n\t\t\n\t\t\t<div class=\"block expertise-item style-\" data-nth-item=\"1\" data-watch>\n\t<div class=\"expertise-item-label\">Lieu de tournage<\/div>\n\t<div class=\"expertise-item-value\">\n\t\t\n\t<\/div>\n<\/div>\n\n\t\t\n\t\t\t<div class=\"block expertise-item style-\" data-nth-item=\"2\" data-watch>\n\t<div class=\"expertise-item-label\">Sc\u00e9nographie<\/div>\n\t<div class=\"expertise-item-value\">\n\t\t\n\t<\/div>\n<\/div>\n\n\t\t\n\t\t\t<div class=\"block expertise-item style-\" data-nth-item=\"3\" data-watch>\n\t<div class=\"expertise-item-label\">Conception d&#8217;\u00e9clairage<\/div>\n\t<div class=\"expertise-item-value\">\n\t\t\n\t<\/div>\n<\/div>\n\n\t\t\n\t<\/div>\n\n<\/div>\n\n\t\t\t\n\t\t\t\t<div class=\"block expertise-group style-\" data-nth-item=\"3\" data-watch>\n\n\t<div class=\"expertise-group-title\"><h3 data-break-lines>Postprod<\/h3><\/div>\n\t<div class=\"expertise-group-items\">\n\n\t\t\n\t\t\t<div class=\"block expertise-item style-\" data-nth-item=\"1\" data-watch>\n\t<div class=\"expertise-item-label\">Gestion d&#8217;actifs<\/div>\n\t<div class=\"expertise-item-value\">\n\t\t\n\t<\/div>\n<\/div>\n\n\t\t\n\t\t\t<div class=\"block expertise-item style-\" data-nth-item=\"2\" data-watch>\n\t<div class=\"expertise-item-label\">\u00c9dition de graphiques et d&#8217;animations<\/div>\n\t<div class=\"expertise-item-value\">\n\t\t\n\t<\/div>\n<\/div>\n\n\t\t\n\t\t\t<div class=\"block expertise-item style-\" data-nth-item=\"3\" data-watch>\n\t<div class=\"expertise-item-label\">\u00c9talonnage des couleurs +<\/div>\n\t<div class=\"expertise-item-value\">\n\t\t\n\t<\/div>\n<\/div>\n\n\t\t\n\t\t\t<div class=\"block expertise-item style-\" data-nth-item=\"4\" data-watch>\n\t<div class=\"expertise-item-label\">VFX<\/div>\n\t<div class=\"expertise-item-value\">\n\t\t\n\t<\/div>\n<\/div>\n\n\t\t\n\t\t\t<div class=\"block expertise-item style-\" data-nth-item=\"5\" data-watch>\n\t<div class=\"expertise-item-label\">Musique et conception sonore<\/div>\n\t<div class=\"expertise-item-value\">\n\t\t\n\t<\/div>\n<\/div>\n\n\t\t\n\t<\/div>\n\n<\/div>\n\n\t\t\t\n\t\t<\/div>\n\n\t<\/div>\n<\/section>\n\n<section id=\"block-6d76ba057d6d386809b8a4ac322eab82\" class=\"block image-trail style-white-black\" style=\"--bg-color: #ffffff; --fg-color: #000000;\" data-watch data-image=\"https:\/\/www.trzn.studio\/wp-content\/uploads\/2020\/09\/Logo_Small_Trail-0x100-c-default.png\">\n\t<canvas class=\"image-trail-canvas\"><\/canvas>\n<\/section>\n\n<section id=\"block-a547a647b2ef11f0d3b23b0ce0fb75ee\" class=\"block partner-list style-white-black\" style=\"--bg-color: #ffffff; --fg-color: #000000; --ac-color: #37ffcf;\" data-watch=\".container\">\n\t<div class=\"container\">\n\n\t\t<div class=\"partner-list-leading\">\n\n\t\t\t<div class=\"partner-list-leading-main\">\n\n\t\t\t\t\t\t\t\t\t<div class=\"partner-list-heading wysiwyg\" data-break-lines=\"h1,h2,h3,h4,h5,p\">\n\t\t\t\t\t\t<h2>Partenaires\/<br \/>\nclients<\/h2>\n\n\t\t\t\t\t<\/div>\n\t\t\t\t\n\t\t\t\t\t\t\t\t\t<div class=\"partner-list-caption wysiwyg\" data-break-lines=\"h1,h2,h3,h4,h5,p\">\n\t\t\t\t\t\t<p><strong>trzn\/partenaiures [def] \/<\/strong> chez trzn, nous recherchons des partenaires et des clients \u00e0 long terme.<\/p>\n\n\t\t\t\t\t<\/div>\n\t\t\t\t\n\t\t\t<\/div>\n\n\t\t<\/div>\n\n\t\t\t\t\t<div class=\"partner-list-opening\" data-break-lines=\"h1,h2,h3,h4,h5,p\">\n\t\t\t\t<h3>pour n&#8217;en nommer que quelques-uns&#8230;<\/h3>\n\n\t\t\t<\/div>\n\t\t\n\t\t<div class=\"partner-list-content\">\n\n\t\t\t\n\t\t\t\t<div class=\"block partner-item style-\" data-nth-item=\"1\" data-watch>\n\t<div class=\"partner-item-frame\">\n\t\t<div class=\"partner-item-background\"><div class=\"image image--fill\">\n\t\t\t\t<div class=\"frame\">\n\t\t\t\t\t<picture>\n\t\t\t\t\t\t<source srcset=\"https:\/\/www.trzn.studio\/wp-content\/uploads\/2021\/11\/NRC.png\" type=\"image\/png\"\/>\n\t\t\t\t\t\t<img decoding=\"async\" src=\"https:\/\/www.trzn.studio\/wp-content\/uploads\/2021\/11\/NRC.png\">\n\t\t\t\t\t<\/picture>\n\t\t\t\t<\/div>\n\t\t\t<\/div><\/div>\n\t\t<div class=\"partner-item-foreground\">\n\t\t\t\t\t\t\t<div class=\"partner-item-title\">\n\t\t\t\t\tNRC Industries\n\t\t\t\t<\/div>\n\t\t\t\t\t<\/div>\n\t<\/div>\n<\/div>\n\n\t\t\t\n\t\t\t\t<div class=\"block partner-item style-\" data-nth-item=\"2\" data-watch>\n\t<div class=\"partner-item-frame\">\n\t\t<div class=\"partner-item-background\"><div class=\"image image--fill\">\n\t\t\t\t<div class=\"frame\">\n\t\t\t\t\t<picture>\n\t\t\t\t\t\t<source srcset=\"https:\/\/www.trzn.studio\/wp-content\/uploads\/2021\/11\/royer.png\" type=\"image\/png\"\/>\n\t\t\t\t\t\t<img decoding=\"async\" src=\"https:\/\/www.trzn.studio\/wp-content\/uploads\/2021\/11\/royer.png\">\n\t\t\t\t\t<\/picture>\n\t\t\t\t<\/div>\n\t\t\t<\/div><\/div>\n\t\t<div class=\"partner-item-foreground\">\n\t\t\t\t\t\t\t<div class=\"partner-item-title\">\n\t\t\t\t\tRoyer\n\t\t\t\t<\/div>\n\t\t\t\t\t<\/div>\n\t<\/div>\n<\/div>\n\n\t\t\t\n\t\t\t\t<div class=\"block partner-item style-\" data-nth-item=\"3\" data-watch>\n\t<div class=\"partner-item-frame\">\n\t\t<div class=\"partner-item-background\"><div class=\"image image--fill\">\n\t\t\t\t<div class=\"frame\">\n\t\t\t\t\t<picture>\n\t\t\t\t\t\t<source srcset=\"https:\/\/www.trzn.studio\/wp-content\/uploads\/2021\/11\/Prinot.png\" type=\"image\/png\"\/>\n\t\t\t\t\t\t<img decoding=\"async\" src=\"https:\/\/www.trzn.studio\/wp-content\/uploads\/2021\/11\/Prinot.png\">\n\t\t\t\t\t<\/picture>\n\t\t\t\t<\/div>\n\t\t\t<\/div><\/div>\n\t\t<div class=\"partner-item-foreground\">\n\t\t\t\t\t\t\t<div class=\"partner-item-title\">\n\t\t\t\t\tPrinoth\n\t\t\t\t<\/div>\n\t\t\t\t\t<\/div>\n\t<\/div>\n<\/div>\n\n\t\t\t\n\t\t\t\t<div class=\"block partner-item style-\" data-nth-item=\"4\" data-watch>\n\t<div class=\"partner-item-frame\">\n\t\t<div class=\"partner-item-background\"><div class=\"image image--fill\">\n\t\t\t\t<div class=\"frame\">\n\t\t\t\t\t<picture>\n\t\t\t\t\t\t<source srcset=\"https:\/\/www.trzn.studio\/wp-content\/uploads\/2021\/11\/Monarque.png\" type=\"image\/png\"\/>\n\t\t\t\t\t\t<img decoding=\"async\" src=\"https:\/\/www.trzn.studio\/wp-content\/uploads\/2021\/11\/Monarque.png\">\n\t\t\t\t\t<\/picture>\n\t\t\t\t<\/div>\n\t\t\t<\/div><\/div>\n\t\t<div class=\"partner-item-foreground\">\n\t\t\t\t\t\t\t<div class=\"partner-item-title\">\n\t\t\t\t\tMonarque\n\t\t\t\t<\/div>\n\t\t\t\t\t<\/div>\n\t<\/div>\n<\/div>\n\n\t\t\t\n\t\t\t\t<div class=\"block partner-item style-\" data-nth-item=\"5\" data-watch>\n\t<div class=\"partner-item-frame\">\n\t\t<div class=\"partner-item-background\"><div class=\"image image--fill\">\n\t\t\t\t<div class=\"frame\">\n\t\t\t\t\t<picture>\n\t\t\t\t\t\t<source srcset=\"https:\/\/www.trzn.studio\/wp-content\/uploads\/2023\/07\/PG-300x300-1.png\" type=\"image\/png\"\/>\n\t\t\t\t\t\t<img decoding=\"async\" src=\"https:\/\/www.trzn.studio\/wp-content\/uploads\/2023\/07\/PG-300x300-1.png\">\n\t\t\t\t\t<\/picture>\n\t\t\t\t<\/div>\n\t\t\t<\/div><\/div>\n\t\t<div class=\"partner-item-foreground\">\n\t\t\t\t\t\t\t<div class=\"partner-item-title\">\n\t\t\t\t\tPunching Grace\n\t\t\t\t<\/div>\n\t\t\t\t\t<\/div>\n\t<\/div>\n<\/div>\n\n\t\t\t\n\t\t<\/div>\n\n\t\t\t\t\t<div class=\"partner-list-closing wysiwyg\">\n\t\t\t\t<p><strong>Vous savez\/<\/strong><br \/>\nles gens cool<\/p>\n\n\t\t\t<\/div>\n\t\t\n\t<\/div>\n<\/section>","protected":false},"excerpt":{"rendered":"","protected":false},"author":1,"featured_media":0,"parent":0,"menu_order":3,"comment_status":"closed","ping_status":"closed","template":"","meta":{"_acf_changed":false,"inline_featured_image":false,"footnotes":""},"class_list":["post-405","page","type-page","status-publish","hentry"],"acf":[],"_links":{"self":[{"href":"https:\/\/www.trzn.studio\/fr\/wp-json\/wp\/v2\/pages\/405","targetHints":{"allow":["GET"]}}],"collection":[{"href":"https:\/\/www.trzn.studio\/fr\/wp-json\/wp\/v2\/pages"}],"about":[{"href":"https:\/\/www.trzn.studio\/fr\/wp-json\/wp\/v2\/types\/page"}],"author":[{"embeddable":true,"href":"https:\/\/www.trzn.studio\/fr\/wp-json\/wp\/v2\/users\/1"}],"replies":[{"embeddable":true,"href":"https:\/\/www.trzn.studio\/fr\/wp-json\/wp\/v2\/comments?post=405"}],"version-history":[{"count":5,"href":"https:\/\/www.trzn.studio\/fr\/wp-json\/wp\/v2\/pages\/405\/revisions"}],"predecessor-version":[{"id":812,"href":"https:\/\/www.trzn.studio\/fr\/wp-json\/wp\/v2\/pages\/405\/revisions\/812"}],"wp:attachment":[{"href":"https:\/\/www.trzn.studio\/fr\/wp-json\/wp\/v2\/media?parent=405"}],"curies":[{"name":"wp","href":"https:\/\/api.w.org\/{rel}","templated":true}]}}