{"id":404,"date":"2020-09-17T01:22:15","date_gmt":"2020-09-17T05:22:15","guid":{"rendered":"https:\/\/www.trzn.studio\/lifestyle\/"},"modified":"2024-10-21T15:50:28","modified_gmt":"2024-10-21T19:50:28","slug":"lifestyle","status":"publish","type":"page","link":"https:\/\/www.trzn.studio\/fr\/lifestyle\/","title":{"rendered":"Lifestyle"},"content":{"rendered":"<section id=\"block-1bb86dc8e436cde9ce5201615027e53e\" class=\"block header style-white-purple header--normal\" style=\"--bg-color: #ffffff; --fg-color: #9b37ff; --ac-color: #37ffcf;\" data-watch=\".container\">\n\t<div class=\"container\">\n\t\t<div class=\"header-content wysiwyg\" data-break-lines=\"h1,h2,h3,h4,h5,p\">\n\t\t\t <h1>Lifestyle<\/h1>\n\n\t\t<\/div>\n\t<\/div>\n<\/section>\n\n<section id=\"block-2148efc7d225db554b2701dd78a9896b\" class=\"block gallery style-purple-cyan\" style=\"--bg-color: #9b37ff; --fg-color: #37ffcf; --ac-color: #37ffcf;\" data-watch=\".container\">\n\n\t<div class=\"gallery-background\">\n\n\t\t<div\n\t\t\tclass=\"gallery-background-image\"\n\t\t\tdata-scroll-animation=\"transform\"\n\t\t\tdata-scroll-animation-unit=\"%\"\n\t\t\tdata-scroll-animation-format=\"translateY(%v)\"\n\t\t\tdata-scroll-animation-min=\"0\"\n\t\t\tdata-scroll-animation-max=\"60\"\n\t\t\tdata-scroll-animation-target=\".image\">\n\t\t\t<div class=\"image\"><\/div>\n\t\t<\/div>\n\n\t\t<div\n\t\t\tclass=\"gallery-background-image\"\n\t\t\tdata-scroll-animation=\"transform\"\n\t\t\tdata-scroll-animation-unit=\"%\"\n\t\t\tdata-scroll-animation-format=\"translateX(%v)\"\n\t\t\tdata-scroll-animation-min=\"0\"\n\t\t\tdata-scroll-animation-max=\"20\"\n\t\t\tdata-scroll-animation-target=\".image\">\n\t\t\t<div class=\"image\"><\/div>\n\t\t<\/div>\n\n\t\t<div\n\t\t\tclass=\"gallery-background-image\"\n\t\t\tdata-scroll-animation=\"transform\"\n\t\t\tdata-scroll-animation-unit=\"%\"\n\t\t\tdata-scroll-animation-format=\"translateX(%v)\"\n\t\t\tdata-scroll-animation-min=\"0\"\n\t\t\tdata-scroll-animation-max=\"20\"\n\t\t\tdata-scroll-animation-target=\".image\">\n\t\t\t<div class=\"image\"><\/div>\n\t\t<\/div>\n\n\t<\/div>\n\n\t<div class=\"gallery-foreground\">\n\t\t<div class=\"container\">\n\n\t\t\t\t\t\t\t<div class=\"gallery-caption wysiwyg\" data-break-lines=\"h1,h2,h3,h4,h5,p\">\n\t\t\t\t\t<p><strong>C&#8217;est ce que<\/strong><br \/>\n\/nous sommes<\/p>\n\n\t\t\t\t<\/div>\n\t\t\t\n\t\t\t\t\t\t\t<div class=\"gallery-heading wysiwyg\" data-break-lines=\"h1,h2,h3,h4,h5,p\">\n\t\t\t\t\t<h2><strong>Travailler\/<\/strong>jouer\/<strong>rire\/<\/strong>etc.<\/h2>\n\n\t\t\t\t<\/div>\n\t\t\t\n\t\t\t<div class=\"gallery-content\">\n\t\t\t\t\t\t\t<\/div>\n\n\t\t\t\t\t\t\t<div class=\"gallery-action\">\n\t\t\t\t\t<div class=\"gallery-action-button\">\n\t\t\t\t\t\tMontrez-moi<br \/>\r\nplus +\n\t\t\t\t\t<\/div>\n\t\t\t\t<\/div>\n\t\t\t\n\t\t<\/div>\n\t<\/div>\n\n<\/section>\n\n<section id=\"block-16bfef9d8b52f984dcae55812ebe5469\" class=\"block text-enum style-cyan-purple\" style=\"--bg-color: #37ffcf; --fg-color: #9b37ff; --ac-color: #37ffcf;\" data-watch=\".container\">\n\t<div class=\"container\">\n\n\t\t\t\t\t<div class=\"text-enum-heading wysiwyg\" data-break-lines=\"h1,h2,h3,h4,h5,p\">\n\t\t\t\t<h2>Nos Valeurs<\/h2>\n\n\t\t\t<\/div>\n\t\t\n\t\t<div class=\"text-enum-content\">\n\n\t\t\t\n\t\t\t\t<div class=\"text-enum-item\" data-nth-item=\"1\">\n\t\t\t\t\t<div class=\"text-enum-item-heading wysiwyg\" data-break-lines=\"h1,h2,h3,h4,h5,p\"><h3>Cr\u00e9atif<\/h3>\n<\/div>\n\t\t\t\t\t<div class=\"text-enum-item-content wysiwyg\">\n\t\t\t\t\t\t<p>Nous n&#8217;avons pas peur d&#8217;\u00e9lever votre concept \u00e0 un nouveau niveau gr\u00e2ce \u00e0 nos comp\u00e9tences en production vid\u00e9o et notre exp\u00e9rience cin\u00e9matographique. Notre \u00e9quipe d\u00e9veloppe des concepts authentiques qui d\u00e9passeront vos attentes. Nous mettons du c\u0153ur dans notre travail, et nous abordons chaque projet avec passion.<\/p>\n\n\t\t\t\t\t<\/div>\n\t\t\t\t<\/div>\n\n\t\t\t\n\t\t\t\t<div class=\"text-enum-item\" data-nth-item=\"2\">\n\t\t\t\t\t<div class=\"text-enum-item-heading wysiwyg\" data-break-lines=\"h1,h2,h3,h4,h5,p\"><h3>Synergie<\/h3>\n<\/div>\n\t\t\t\t\t<div class=\"text-enum-item-content wysiwyg\">\n\t\t\t\t\t\t<p>Chez TRZN, nous construisons des relations \u00e0 long terme. Nous vous comprenons, ainsi que vos besoins en mati\u00e8re de relations. Comprendre votre vision, planifier et ex\u00e9cuter votre projet en pleine synergie permet une ex\u00e9cution de projet fluide et agr\u00e9able.<\/p>\n\n\t\t\t\t\t<\/div>\n\t\t\t\t<\/div>\n\n\t\t\t\n\t\t\t\t<div class=\"text-enum-item\" data-nth-item=\"3\">\n\t\t\t\t\t<div class=\"text-enum-item-heading wysiwyg\" data-break-lines=\"h1,h2,h3,h4,h5,p\"><h3>Fun<\/h3>\n<\/div>\n\t\t\t\t\t<div class=\"text-enum-item-content wysiwyg\">\n\t\t\t\t\t\t<p>C&#8217;est tout.<\/p>\n\n\t\t\t\t\t<\/div>\n\t\t\t\t<\/div>\n\n\t\t\t\n\t\t<\/div>\n\n\t<\/div>\n<\/section>\n\n","protected":false},"excerpt":{"rendered":"","protected":false},"author":1,"featured_media":0,"parent":0,"menu_order":4,"comment_status":"closed","ping_status":"closed","template":"","meta":{"_acf_changed":false,"inline_featured_image":false,"footnotes":""},"class_list":["post-404","page","type-page","status-publish","hentry"],"acf":[],"_links":{"self":[{"href":"https:\/\/www.trzn.studio\/fr\/wp-json\/wp\/v2\/pages\/404","targetHints":{"allow":["GET"]}}],"collection":[{"href":"https:\/\/www.trzn.studio\/fr\/wp-json\/wp\/v2\/pages"}],"about":[{"href":"https:\/\/www.trzn.studio\/fr\/wp-json\/wp\/v2\/types\/page"}],"author":[{"embeddable":true,"href":"https:\/\/www.trzn.studio\/fr\/wp-json\/wp\/v2\/users\/1"}],"replies":[{"embeddable":true,"href":"https:\/\/www.trzn.studio\/fr\/wp-json\/wp\/v2\/comments?post=404"}],"version-history":[{"count":5,"href":"https:\/\/www.trzn.studio\/fr\/wp-json\/wp\/v2\/pages\/404\/revisions"}],"predecessor-version":[{"id":810,"href":"https:\/\/www.trzn.studio\/fr\/wp-json\/wp\/v2\/pages\/404\/revisions\/810"}],"wp:attachment":[{"href":"https:\/\/www.trzn.studio\/fr\/wp-json\/wp\/v2\/media?parent=404"}],"curies":[{"name":"wp","href":"https:\/\/api.w.org\/{rel}","templated":true}]}}