{"id":401,"date":"2020-09-17T01:21:16","date_gmt":"2020-09-17T05:21:16","guid":{"rendered":"https:\/\/www.trzn.studio\/home\/"},"modified":"2024-02-08T10:55:46","modified_gmt":"2024-02-08T15:55:46","slug":"home","status":"publish","type":"page","link":"https:\/\/www.trzn.studio\/fr\/","title":{"rendered":"Accueil"},"content":{"rendered":"<section id=\"block-b7d5340e33ba6248bd929dba38ff3cba\" class=\"block header style-white-black header--larger header--fluid\" style=\"--bg-color: #ffffff; --fg-color: #000000; --ac-color: #37ffcf;\" data-watch=\".container\">\n\t<div class=\"container\">\n\t\t<div class=\"header-content wysiwyg\" data-break-lines=\"h1,h2,h3,h4,h5,p\">\n\t\t\t <p>Bonjour et<\/p>\n<h1>Enchant\u00e9 de vous rencontrer.<\/h1>\n<p>Votre bo\u00eete de production \u00e0 Montr\u00e9al_ Des moyens cr\u00e9atifs de concevoir des campagnes, des publicit\u00e9s et du contenu de marque en tenant compte de votre vision. Partenariats, nouvelles id\u00e9es et raconter vos histoires.<\/p>\n\n\t\t<\/div>\n\t<\/div>\n<\/section>\n\n<section id=\"block-f650e0cff979cb3dea5174c055ef25f2\" class=\"block about style-\" data-watch>\n\n\t<div class=\"about-background\">\n\n\t\t<div class=\"about-aperture\">\n\t\t\t<div class=\"about-aperture-mask\">\n\t\t\t\t<div class=\"about-aperture-background\"><div class=\"video\">\n\t\t\t\t<video class=\"background\" autoplay playsinline muted loop preload=\"auto\">\n\t\t\t\t\t<source src=\"https:\/\/www.trzn.studio\/wp-content\/uploads\/2022\/01\/trzn-banner-01.mp4\" type=\"video\/mp4\">\n\t\t\t\t<\/video>\n\t\t\t<\/div><\/div>\n\t\t\t\t<div class=\"about-aperture-foreground\">\n\t\t\t\t\t<div class=\"about-aperture-content\">\n\n\t\t\t\t\t\t<div class=\"container\">\n\t\t\t\t\t\t\t<div class=\"about-content wysiwyg\">\n\t\t\t\t\t\t\t\t<p><strong>TRZN<\/strong><br \/>\nOn fait des<br \/>\nvid\u00e9os.<\/p>\n<p><strong>On d\u00e9veloppe des<\/strong><br \/>\nid\u00e9es_<\/p>\n<p><strong>On raconte des<\/strong><br \/>\nhistoires_<\/p>\n<p><strong>Nous concevons des<\/strong><br \/>\nProjets<br \/>\nCin\u00e9matiques.<\/p>\n<p><strong>Bo\u00eete<\/strong><br \/>\nDe Production<br \/>\nMontr\u00e9al_<\/p>\n\n\t\t\t\t\t\t\t<\/div>\n\t\t\t\t\t\t<\/div>\n\n\t\t\t\t\t<\/div>\n\t\t\t\t<\/div>\n\t\t\t<\/div>\n\t\t<\/div>\n\n\t<\/div>\n\n\t<div class=\"about-foreground\">\n\n\t\t<div class=\"container\">\n\t\t\t<div class=\"about-content wysiwyg\">\n\t\t\t\t<p><strong>TRZN<\/strong><br \/>\nOn fait des<br \/>\nvid\u00e9os.<\/p>\n<p><strong>On d\u00e9veloppe des<\/strong><br \/>\nid\u00e9es_<\/p>\n<p><strong>On raconte des<\/strong><br \/>\nhistoires_<\/p>\n<p><strong>Nous concevons des<\/strong><br \/>\nProjets<br \/>\nCin\u00e9matiques.<\/p>\n<p><strong>Bo\u00eete<\/strong><br \/>\nDe Production<br \/>\nMontr\u00e9al_<\/p>\n\n\t\t\t<\/div>\n\t\t<\/div>\n\n\t<\/div>\n\n<\/section>","protected":false},"excerpt":{"rendered":"","protected":false},"author":1,"featured_media":0,"parent":0,"menu_order":1,"comment_status":"closed","ping_status":"closed","template":"","meta":{"_acf_changed":false,"inline_featured_image":false,"footnotes":""},"class_list":["post-401","page","type-page","status-publish","hentry"],"acf":[],"_links":{"self":[{"href":"https:\/\/www.trzn.studio\/fr\/wp-json\/wp\/v2\/pages\/401","targetHints":{"allow":["GET"]}}],"collection":[{"href":"https:\/\/www.trzn.studio\/fr\/wp-json\/wp\/v2\/pages"}],"about":[{"href":"https:\/\/www.trzn.studio\/fr\/wp-json\/wp\/v2\/types\/page"}],"author":[{"embeddable":true,"href":"https:\/\/www.trzn.studio\/fr\/wp-json\/wp\/v2\/users\/1"}],"replies":[{"embeddable":true,"href":"https:\/\/www.trzn.studio\/fr\/wp-json\/wp\/v2\/comments?post=401"}],"version-history":[{"count":5,"href":"https:\/\/www.trzn.studio\/fr\/wp-json\/wp\/v2\/pages\/401\/revisions"}],"predecessor-version":[{"id":740,"href":"https:\/\/www.trzn.studio\/fr\/wp-json\/wp\/v2\/pages\/401\/revisions\/740"}],"wp:attachment":[{"href":"https:\/\/www.trzn.studio\/fr\/wp-json\/wp\/v2\/media?parent=401"}],"curies":[{"name":"wp","href":"https:\/\/api.w.org\/{rel}","templated":true}]}}